{"id":330,"date":"2018-07-24T02:42:24","date_gmt":"2018-07-24T00:42:24","guid":{"rendered":"https:\/\/meteobruno.com\/?page_id=330"},"modified":"2018-07-24T02:43:51","modified_gmt":"2018-07-24T00:43:51","slug":"photos","status":"publish","type":"page","link":"https:\/\/meteobruno.com\/index.php\/photos\/","title":{"rendered":"Photos"},"content":{"rendered":"<div id=\"pl-330\"  class=\"panel-layout\" ><div id=\"pg-330-0\"  class=\"panel-grid panel-has-style\" ><div class=\"mob-pad-15 panel-row-style panel-row-style-for-330-0\" style=\"padding: 30px 0; \" ><div id=\"pgc-330-0-0\"  class=\"panel-grid-cell\" ><div id=\"panel-330-0-0-0\" class=\"so-panel widget widget_sow-editor panel-first-child panel-last-child\" data-index=\"0\" ><div class=\"so-widget-sow-editor so-widget-sow-editor-base\">\n<div class=\"siteorigin-widget-tinymce textwidget\">\n\t<h1>Les photos prises par l'\u00e9quipe M\u00e9t\u00e9obruno<\/h1>\n<\/div>\n<\/div><\/div><\/div><\/div><\/div><div id=\"pg-330-1\"  class=\"panel-grid panel-has-style\" ><div class=\"mob-pad-15 panel-row-style panel-row-style-for-330-1\" style=\"padding: 15px 0; \" ><div id=\"pgc-330-1-0\"  class=\"panel-grid-cell\" ><div id=\"panel-330-1-0-0\" class=\"so-panel widget widget_sow-editor panel-first-child panel-last-child\" data-index=\"1\" ><div class=\"so-widget-sow-editor so-widget-sow-editor-base\"><h3 class=\"widget-title\">Episode de neige du 28\/02\/18, 9cm de neige sont alors tomb\u00e9s \u00e0 N\u00eemes<\/h3>\n<div class=\"siteorigin-widget-tinymce textwidget\">\n\t<div align=\"center\">\t\t<div class=\"st_gallery_wp st-gallery-wrapper classic\" style=\"max-width: 90%; height: 500px;\">\r\n\t\t\t\t\t\t\t\t\t<div id=\"69f5818f89c41\" class=\"st-gallery-main classic\" style=\"max-width: 90%; height: 500px;\">\r\n\t\t\t\t\t\t\t\t\t\t\t<div class=\"image\" id=\"img-1\">\r\n\t\t\t\t\t\t\t\t<img src=\"\r\n\t\t\t\t\t\t\t\thttps:\/\/meteobruno.com\/wp-content\/uploads\/2018\/07\/photo1.jpg\" \r\n\t\t\t\t\t\t\t\tdata-title=\"photo1\"\t\t\t\t\t\t\t\t>\r\n\t\t\t\t\t\t\t<\/div>\r\n\t\t\t\t\t\t\t\t\t\t\t\t\t<div class=\"image\" id=\"img-2\">\r\n\t\t\t\t\t\t\t\t<img src=\"\r\n\t\t\t\t\t\t\t\thttps:\/\/meteobruno.com\/wp-content\/uploads\/2018\/07\/photo2.jpg\" \r\n\t\t\t\t\t\t\t\tdata-title=\"photo2\"\t\t\t\t\t\t\t\t>\r\n\t\t\t\t\t\t\t<\/div>\r\n\t\t\t\t\t\t\t\t\t\t\t\t\t<div class=\"image\" id=\"img-3\">\r\n\t\t\t\t\t\t\t\t<img src=\"\r\n\t\t\t\t\t\t\t\thttps:\/\/meteobruno.com\/wp-content\/uploads\/2018\/07\/photo3.jpg\" \r\n\t\t\t\t\t\t\t\tdata-title=\"photo3\"\t\t\t\t\t\t\t\t>\r\n\t\t\t\t\t\t\t<\/div>\r\n\t\t\t\t\t\t\t\t\t\t\t\t\t<div class=\"image\" id=\"img-4\">\r\n\t\t\t\t\t\t\t\t<img src=\"\r\n\t\t\t\t\t\t\t\thttps:\/\/meteobruno.com\/wp-content\/uploads\/2018\/07\/photo4.jpg\" \r\n\t\t\t\t\t\t\t\tdata-title=\"photo4\"\t\t\t\t\t\t\t\t>\r\n\t\t\t\t\t\t\t<\/div>\r\n\t\t\t\t\t\t\t\t\t\t\t\r\n\t\t\t\t\t<\/div>\r\n\t\t\t\t\t\t\t<div id=\"st-gallery-control\" style=\"max-width: 90%;\">\r\n\t\t\t\t\t<ul class=\"st-control-text\">\r\n\t\t\t\t\t\t<li><a class=\"69f5818f89c41 action\" href=\"#\">Play<\/a><\/li>\r\n\t\t\t\t\t\t<li><a class=\"69f5818f89c41 full\" href=\"#\">Fullscreen<\/a><\/li>\r\n\t\t\t\t\t<\/ul>\r\n\t\t\t\t<\/div>\r\n\t\t\t\t<\/div> \r\n\r\n\t<script type=\"text\/javascript\">\r\n\t\t(function($){\r\n\t\t\t\t\t\t\t\t$('.69f5818f89c41.action').addClass('active').html('Pause');\r\n\t\t\t\t\t$(document).ready(function(){\r\n\t\t\t\t\r\n\t\t\t\t\tGalleria.run('#69f5818f89c41.classic',{\r\n\t\t\t\t\t\ttheme: \t\t'classic',\r\n\t\t\t\t\t\tautoplay: \t3000,\r\n\t\t\t\t\t\tclicknext: \tfalse, \r\n\t\t\t\t\t\tdataConfig: function(img) {\r\n\t\t\t\t\t\t\treturn {\r\n\t\t\t\t\t\t\t\ttitle : $(img).attr('data-title'),\r\n\t\t\t\t\t\t\t\tdescription : $(img).attr('data-description'),\r\n\t\t\t\t\t\t\t};\r\n\t\t\t\t\t\t}, \r\n\t\t\t\t\t\textend: function() {\r\n\t\t\t\t\t\t\tvar gallery = this;\r\n\t\t\t\t\t\t\t$('.69f5818f89c41.action').click(function() {\r\n\t\t\t\t\t\t\t\tevent.preventDefault();\r\n\t\t\t\t\t\t\t\t\r\n\t\t\t\t\t\t\t\tif ($(this).hasClass('active')){\r\n\t\t\t\t\t\t\t\t\tgallery.pause();\r\n\t\t\t\t\t\t\t\t\t$(this).removeClass('active').html('Play');\r\n\t\t\t\t\t\t\t\t}else{\r\n\t\t\t\t\t\t\t\t\tgallery.play();\r\n\t\t\t\t\t\t\t\t\t$(this).addClass('active').html('Pause');\r\n\t\t\t\t\t\t\t\t}\r\n\t\t\t\t\t\t\t\t\r\n\t\t\t\t\t\t\t});\r\n\t\t\t\t\t\t\t$('.69f5818f89c41.full').click(function() {\r\n\t\t\t\t\t\t\t\tevent.preventDefault();\r\n\t\t\t\t\t\t\t\tgallery.enterFullscreen();\r\n\t\t\t\t\t\t\t});\r\n\t\t\t\t\t\t\t\r\n\t\t\t\t\t\t\tvar bgcolor = \"#000000\";\r\n\t\t\t\t\t\t\tgallery.$('container').css('background', bgcolor);\r\n\t\t\t\t\t\t\tthis.bind('fullscreen_enter', function(e) {\r\n\t\t\t\t\t\t\t    gallery.$('container').css('background', bgcolor);\r\n\t\t\t\t\t\t\t});\r\n        \r\n\t\t\t\t\t\t},\r\n\t\t\t\t\t\tshowCounter: \t\ttrue,\r\n\t\t\t\t\t\tshowImagenav: \t\ttrue,\r\n\t\t\t\t\t\timageCrop: \t\t\tfalse,\r\n\t\t\t\t\t\tthumbnails: \t\tfalse,\r\n\t\t\t\t\t\tthumbCrop: \t\t\tfalse,\r\n\t\t\t\t\t\ttransition: \t\t'fadeslide',\r\n\t\t\t\t\t\ttransitionSpeed: \t300,\r\n\t\t\t\t\t\tlightbox: \t\t\ttrue,\r\n\t\t\t\t\t\timagePan: \t\t\tfalse,\r\n\t\t\t\t\t\tresponsive: true,\r\n\t\t\t\t\t\theight:\t\t\t\t500,\r\n\t\t\t\t\t\t \t\t\t\t\t\r\n\t\t\t\t});\r\n\t\t\t});\r\n\t\t})(jQuery);\r\n\t<\/script> <a style=\"display:none;\" href=\"http:\/\/beautiful-templates.com\">gallery wordpress plugin<\/a><\/div>\n<\/div>\n<\/div><\/div><\/div><\/div><\/div><div id=\"pg-330-2\"  class=\"panel-grid panel-has-style\" ><div class=\"mob-pad-15 panel-row-style panel-row-style-for-330-2\" style=\"padding: 15px 0; \" ><div id=\"pgc-330-2-0\"  class=\"panel-grid-cell\" ><div id=\"panel-330-2-0-0\" class=\"so-panel widget widget_sow-editor panel-first-child panel-last-child\" data-index=\"2\" ><div class=\"so-widget-sow-editor so-widget-sow-editor-base\"><h3 class=\"widget-title\">Inondations du 10 octobre 2014<\/h3>\n<div class=\"siteorigin-widget-tinymce textwidget\">\n\t<div align=\"center\">\t\t<div class=\"st_gallery_wp st-gallery-wrapper classic\" style=\"max-width: 90%; height: 500px;\">\r\n\t\t\t\t\t\t\t\t\t<div id=\"69f5818f89dee\" class=\"st-gallery-main classic\" style=\"max-width: 90%; height: 500px;\">\r\n\t\t\t\t\t\t\t\t\t\t\t<div class=\"image\" id=\"img-1\">\r\n\t\t\t\t\t\t\t\t<img src=\"\r\n\t\t\t\t\t\t\t\thttps:\/\/meteobruno.com\/wp-content\/uploads\/2018\/07\/bassin_de_r\u00e9tention-10-octobre-2014.jpg\" \r\n\t\t\t\t\t\t\t\tdata-title=\"bassin_de_r\u00e9tention-10-octobre-2014\"\t\t\t\t\t\t\t\t>\r\n\t\t\t\t\t\t\t<\/div>\r\n\t\t\t\t\t\t\t\t\t\t\t\t\t<div class=\"image\" id=\"img-2\">\r\n\t\t\t\t\t\t\t\t<img src=\"\r\n\t\t\t\t\t\t\t\thttps:\/\/meteobruno.com\/wp-content\/uploads\/2018\/07\/cadereau_10-octobre-2014.jpeg\" \r\n\t\t\t\t\t\t\t\tdata-title=\"cadereau_10-octobre-2014\"\t\t\t\t\t\t\t\t>\r\n\t\t\t\t\t\t\t<\/div>\r\n\t\t\t\t\t\t\t\t\t\t\t\r\n\t\t\t\t\t<\/div>\r\n\t\t\t\t\t\t\t<div id=\"st-gallery-control\" style=\"max-width: 90%;\">\r\n\t\t\t\t\t<ul class=\"st-control-text\">\r\n\t\t\t\t\t\t<li><a class=\"69f5818f89dee action\" href=\"#\">Play<\/a><\/li>\r\n\t\t\t\t\t\t<li><a class=\"69f5818f89dee full\" href=\"#\">Fullscreen<\/a><\/li>\r\n\t\t\t\t\t<\/ul>\r\n\t\t\t\t<\/div>\r\n\t\t\t\t<\/div> \r\n\r\n\t<script type=\"text\/javascript\">\r\n\t\t(function($){\r\n\t\t\t\t\t\t\t\t$('.69f5818f89dee.action').addClass('active').html('Pause');\r\n\t\t\t\t\t$(document).ready(function(){\r\n\t\t\t\t\r\n\t\t\t\t\tGalleria.run('#69f5818f89dee.classic',{\r\n\t\t\t\t\t\ttheme: \t\t'classic',\r\n\t\t\t\t\t\tautoplay: \t3000,\r\n\t\t\t\t\t\tclicknext: \tfalse, \r\n\t\t\t\t\t\tdataConfig: function(img) {\r\n\t\t\t\t\t\t\treturn {\r\n\t\t\t\t\t\t\t\ttitle : $(img).attr('data-title'),\r\n\t\t\t\t\t\t\t\tdescription : $(img).attr('data-description'),\r\n\t\t\t\t\t\t\t};\r\n\t\t\t\t\t\t}, \r\n\t\t\t\t\t\textend: function() {\r\n\t\t\t\t\t\t\tvar gallery = this;\r\n\t\t\t\t\t\t\t$('.69f5818f89dee.action').click(function() {\r\n\t\t\t\t\t\t\t\tevent.preventDefault();\r\n\t\t\t\t\t\t\t\t\r\n\t\t\t\t\t\t\t\tif ($(this).hasClass('active')){\r\n\t\t\t\t\t\t\t\t\tgallery.pause();\r\n\t\t\t\t\t\t\t\t\t$(this).removeClass('active').html('Play');\r\n\t\t\t\t\t\t\t\t}else{\r\n\t\t\t\t\t\t\t\t\tgallery.play();\r\n\t\t\t\t\t\t\t\t\t$(this).addClass('active').html('Pause');\r\n\t\t\t\t\t\t\t\t}\r\n\t\t\t\t\t\t\t\t\r\n\t\t\t\t\t\t\t});\r\n\t\t\t\t\t\t\t$('.69f5818f89dee.full').click(function() {\r\n\t\t\t\t\t\t\t\tevent.preventDefault();\r\n\t\t\t\t\t\t\t\tgallery.enterFullscreen();\r\n\t\t\t\t\t\t\t});\r\n\t\t\t\t\t\t\t\r\n\t\t\t\t\t\t\tvar bgcolor = \"#000000\";\r\n\t\t\t\t\t\t\tgallery.$('container').css('background', bgcolor);\r\n\t\t\t\t\t\t\tthis.bind('fullscreen_enter', function(e) {\r\n\t\t\t\t\t\t\t    gallery.$('container').css('background', bgcolor);\r\n\t\t\t\t\t\t\t});\r\n        \r\n\t\t\t\t\t\t},\r\n\t\t\t\t\t\tshowCounter: \t\ttrue,\r\n\t\t\t\t\t\tshowImagenav: \t\ttrue,\r\n\t\t\t\t\t\timageCrop: \t\t\tfalse,\r\n\t\t\t\t\t\tthumbnails: \t\tfalse,\r\n\t\t\t\t\t\tthumbCrop: \t\t\tfalse,\r\n\t\t\t\t\t\ttransition: \t\t'fadeslide',\r\n\t\t\t\t\t\ttransitionSpeed: \t300,\r\n\t\t\t\t\t\tlightbox: \t\t\ttrue,\r\n\t\t\t\t\t\timagePan: \t\t\tfalse,\r\n\t\t\t\t\t\tresponsive: true,\r\n\t\t\t\t\t\theight:\t\t\t\t500,\r\n\t\t\t\t\t\t \t\t\t\t\t\r\n\t\t\t\t});\r\n\t\t\t});\r\n\t\t})(jQuery);\r\n\t<\/script> <a style=\"display:none;\" href=\"http:\/\/beautiful-templates.com\">gallery wordpress plugin<\/a><\/div>\n<\/div>\n<\/div><\/div><\/div><\/div><\/div><\/div>","protected":false},"excerpt":{"rendered":"<p>Les photos prises par l&rsquo;\u00e9quipe M\u00e9t\u00e9obruno<\/p>\n","protected":false},"author":1,"featured_media":0,"parent":0,"menu_order":0,"comment_status":"closed","ping_status":"closed","template":"page-templates\/page_front-page.php","meta":{"_mi_skip_tracking":false},"_links":{"self":[{"href":"https:\/\/meteobruno.com\/index.php\/wp-json\/wp\/v2\/pages\/330"}],"collection":[{"href":"https:\/\/meteobruno.com\/index.php\/wp-json\/wp\/v2\/pages"}],"about":[{"href":"https:\/\/meteobruno.com\/index.php\/wp-json\/wp\/v2\/types\/page"}],"author":[{"embeddable":true,"href":"https:\/\/meteobruno.com\/index.php\/wp-json\/wp\/v2\/users\/1"}],"replies":[{"embeddable":true,"href":"https:\/\/meteobruno.com\/index.php\/wp-json\/wp\/v2\/comments?post=330"}],"version-history":[{"count":12,"href":"https:\/\/meteobruno.com\/index.php\/wp-json\/wp\/v2\/pages\/330\/revisions"}],"predecessor-version":[{"id":348,"href":"https:\/\/meteobruno.com\/index.php\/wp-json\/wp\/v2\/pages\/330\/revisions\/348"}],"wp:attachment":[{"href":"https:\/\/meteobruno.com\/index.php\/wp-json\/wp\/v2\/media?parent=330"}],"curies":[{"name":"wp","href":"https:\/\/api.w.org\/{rel}","templated":true}]}}