{"id":239,"date":"2018-07-23T19:47:09","date_gmt":"2018-07-23T17:47:09","guid":{"rendered":"http:\/\/localhost\/meteobruno\/?page_id=239"},"modified":"2018-07-31T15:39:21","modified_gmt":"2018-07-31T13:39:21","slug":"previsions-herault","status":"publish","type":"page","link":"https:\/\/meteobruno.com\/index.php\/previsions-herault\/","title":{"rendered":"Pr\u00e9visions pour l&rsquo;H\u00e9rault"},"content":{"rendered":"<div id=\"pl-239\"  class=\"panel-layout\" ><div id=\"pg-239-0\"  class=\"panel-grid panel-has-style\" ><div class=\"mob-pad-15 panel-row-style panel-row-style-for-239-0\" style=\"padding: 15px 0; \" ><div id=\"pgc-239-0-0\"  class=\"panel-grid-cell\" ><div id=\"panel-239-0-0-0\" class=\"so-panel widget widget_sow-editor panel-first-child panel-last-child\" data-index=\"0\" ><div class=\"so-widget-sow-editor so-widget-sow-editor-base\">\n<div class=\"siteorigin-widget-tinymce textwidget\">\n\t<h1>Pr\u00e9visions pour le d\u00e9partement de l'H\u00e9rault<\/h1>\n<\/div>\n<\/div><\/div><\/div><\/div><\/div><div id=\"pg-239-1\"  class=\"panel-grid panel-has-style\" ><div class=\"mob-pad-15 panel-row-style panel-row-style-for-239-1\" style=\"padding: 10px 0; \" ><div id=\"pgc-239-1-0\"  class=\"panel-grid-cell\" ><div id=\"panel-239-1-0-0\" class=\"so-panel widget widget_sow-editor panel-first-child panel-last-child\" data-index=\"1\" ><div class=\"so-widget-sow-editor so-widget-sow-editor-base\">\n<div class=\"siteorigin-widget-tinymce textwidget\">\n\t<div style=\"text-align: center;\"><iframe loading=\"lazy\" frameborder=\"0\" scrolling=\"no\" height=\"645\" marginheight=\"0\" marginwidth=\"0\" src=\"https:\/\/meteobruno.com\/creation-previsions\/herault\/demain-matin_herault.php\" width=\"830\"><\/iframe><\/div>\n<\/div>\n<\/div><\/div><\/div><\/div><\/div><div id=\"pg-239-2\"  class=\"panel-grid panel-has-style\" ><div class=\"mob-pad-15 panel-row-style panel-row-style-for-239-2\" style=\"padding: 10px 0; \" ><div id=\"pgc-239-2-0\"  class=\"panel-grid-cell\" ><div id=\"panel-239-2-0-0\" class=\"so-panel widget widget_sow-editor panel-first-child panel-last-child\" data-index=\"2\" ><div class=\"so-widget-sow-editor so-widget-sow-editor-base\">\n<div class=\"siteorigin-widget-tinymce textwidget\">\n\t<div style=\"text-align: center;\"><iframe loading=\"lazy\" frameborder=\"0\" scrolling=\"no\" height=\"645\" marginheight=\"0\" marginwidth=\"0\" src=\"https:\/\/meteobruno.com\/creation-previsions\/herault\/demain-aprem_herault.php\" width=\"830\"><\/iframe><\/div>\n<\/div>\n<\/div><\/div><\/div><\/div><\/div><div id=\"pg-239-3\"  class=\"panel-grid panel-has-style\" ><div class=\"mob-pad-15 panel-row-style panel-row-style-for-239-3\" style=\"padding: 10px 0; \" ><div id=\"pgc-239-3-0\"  class=\"panel-grid-cell\" ><div id=\"panel-239-3-0-0\" class=\"so-panel widget widget_sow-editor panel-first-child panel-last-child\" data-index=\"3\" ><div class=\"so-widget-sow-editor so-widget-sow-editor-base\">\n<div class=\"siteorigin-widget-tinymce textwidget\">\n\t<div style=\"text-align: center;\"><iframe loading=\"lazy\" frameborder=\"0\" scrolling=\"no\" height=\"645\" marginheight=\"0\" marginwidth=\"0\" src=\"https:\/\/meteobruno.com\/creation-previsions\/herault\/jour-1_herault.php\" width=\"830\"><\/iframe><\/div>\n<\/div>\n<\/div><\/div><\/div><\/div><\/div><div id=\"pg-239-4\"  class=\"panel-grid panel-has-style\" ><div class=\"mob-pad-15 panel-row-style panel-row-style-for-239-4\" style=\"padding: 10px 0; \" ><div id=\"pgc-239-4-0\"  class=\"panel-grid-cell\" ><div id=\"panel-239-4-0-0\" class=\"so-panel widget widget_sow-editor panel-first-child panel-last-child\" data-index=\"4\" ><div class=\"so-widget-sow-editor so-widget-sow-editor-base\">\n<div class=\"siteorigin-widget-tinymce textwidget\">\n\t<div style=\"text-align: center;\"><iframe loading=\"lazy\" frameborder=\"0\" scrolling=\"no\" height=\"645\" marginheight=\"0\" marginwidth=\"0\" src=\"https:\/\/meteobruno.com\/creation-previsions\/herault\/jour-2_herault.php\" width=\"830\"><\/iframe><\/div>\n<\/div>\n<\/div><\/div><\/div><\/div><\/div><div id=\"pg-239-5\"  class=\"panel-grid panel-has-style\" ><div class=\"mob-pad-15 panel-row-style panel-row-style-for-239-5\" style=\"padding: 10px 0; \" ><div id=\"pgc-239-5-0\"  class=\"panel-grid-cell\" ><div id=\"panel-239-5-0-0\" class=\"so-panel widget widget_sow-editor panel-first-child panel-last-child\" data-index=\"5\" ><div class=\"so-widget-sow-editor so-widget-sow-editor-base\">\n<div class=\"siteorigin-widget-tinymce textwidget\">\n\t<div style=\"text-align: center;\"><iframe loading=\"lazy\" frameborder=\"0\" scrolling=\"no\" height=\"645\" marginheight=\"0\" marginwidth=\"0\" src=\"https:\/\/meteobruno.com\/creation-previsions\/herault\/jour-3_herault.php\" width=\"830\"><\/iframe><\/div>\n<\/div>\n<\/div><\/div><\/div><\/div><\/div><div id=\"pg-239-6\"  class=\"panel-grid panel-has-style\" ><div class=\"mob-pad-15 panel-row-style panel-row-style-for-239-6\" style=\"padding: 10px 0; \" ><div id=\"pgc-239-6-0\"  class=\"panel-grid-cell\" ><div id=\"panel-239-6-0-0\" class=\"so-panel widget widget_sow-editor panel-first-child panel-last-child\" data-index=\"6\" ><div class=\"so-widget-sow-editor so-widget-sow-editor-base\">\n<div class=\"siteorigin-widget-tinymce textwidget\">\n\t<div style=\"text-align: center;\"><iframe loading=\"lazy\" frameborder=\"0\" scrolling=\"no\" height=\"645\" marginheight=\"0\" marginwidth=\"0\" src=\"https:\/\/meteobruno.com\/creation-previsions\/herault\/jour-4_herault.php\" width=\"830\"><\/iframe>\n<\/div>\n<\/div>\n<\/div><\/div><\/div><\/div><\/div><\/div>","protected":false},"excerpt":{"rendered":"<p>Pr\u00e9visions pour le d\u00e9partement de l&rsquo;H\u00e9rault<\/p>\n","protected":false},"author":1,"featured_media":0,"parent":0,"menu_order":0,"comment_status":"closed","ping_status":"closed","template":"page-templates\/page_front-page.php","meta":{"_mi_skip_tracking":false},"_links":{"self":[{"href":"https:\/\/meteobruno.com\/index.php\/wp-json\/wp\/v2\/pages\/239"}],"collection":[{"href":"https:\/\/meteobruno.com\/index.php\/wp-json\/wp\/v2\/pages"}],"about":[{"href":"https:\/\/meteobruno.com\/index.php\/wp-json\/wp\/v2\/types\/page"}],"author":[{"embeddable":true,"href":"https:\/\/meteobruno.com\/index.php\/wp-json\/wp\/v2\/users\/1"}],"replies":[{"embeddable":true,"href":"https:\/\/meteobruno.com\/index.php\/wp-json\/wp\/v2\/comments?post=239"}],"version-history":[{"count":5,"href":"https:\/\/meteobruno.com\/index.php\/wp-json\/wp\/v2\/pages\/239\/revisions"}],"predecessor-version":[{"id":514,"href":"https:\/\/meteobruno.com\/index.php\/wp-json\/wp\/v2\/pages\/239\/revisions\/514"}],"wp:attachment":[{"href":"https:\/\/meteobruno.com\/index.php\/wp-json\/wp\/v2\/media?parent=239"}],"curies":[{"name":"wp","href":"https:\/\/api.w.org\/{rel}","templated":true}]}}