{"id":217,"date":"2018-07-23T15:00:00","date_gmt":"2018-07-23T13:00:00","guid":{"rendered":"http:\/\/localhost\/meteobruno\/?page_id=217"},"modified":"2018-07-31T15:39:09","modified_gmt":"2018-07-31T13:39:09","slug":"previsions-gard-et-herault","status":"publish","type":"page","link":"https:\/\/meteobruno.com\/index.php\/previsions-gard-et-herault\/","title":{"rendered":"Pr\u00e9visions Gard et H\u00e9rault"},"content":{"rendered":"<div id=\"pl-217\"  class=\"panel-layout\" ><div id=\"pg-217-0\"  class=\"panel-grid panel-has-style\" ><div class=\"mob-pad-0 panel-row-style panel-row-style-for-217-0\" style=\"padding: 10px 0; \" ><div id=\"pgc-217-0-0\"  class=\"panel-grid-cell\" ><div id=\"panel-217-0-0-0\" class=\"so-panel widget widget_sow-editor panel-first-child panel-last-child\" data-index=\"0\" ><div class=\"so-widget-sow-editor so-widget-sow-editor-base\">\n<div class=\"siteorigin-widget-tinymce textwidget\">\n\t<h1>Pr\u00e9visions pour les d\u00e9partements du Gard et de l'H\u00e9rault<\/h1>\n<\/div>\n<\/div><\/div><\/div><\/div><\/div><div id=\"pg-217-1\"  class=\"panel-grid panel-has-style\" ><div class=\"mob-pad-0 panel-row-style panel-row-style-for-217-1\" style=\"padding: 50px 0; \" ><div id=\"pgc-217-1-0\"  class=\"panel-grid-cell\" ><div id=\"panel-217-1-0-0\" class=\"so-panel widget widget_sow-button panel-first-child panel-last-child\" data-index=\"1\" ><div class=\"panel-widget-style panel-widget-style-for-217-1-0-0\" ><div class=\"so-widget-sow-button so-widget-sow-button-atom-dfae32272e5b-217\"><div class=\"ow-button-base ow-button-align-center\">\n\t<a href=\"https:\/\/meteobruno.com\/index.php\/previsions-herault\/\" class=\"ow-icon-placement-left ow-button-hover\" \t\t>\n\t\t<span>\n\t\t\t\n\t\t\tPr\u00e9visions pour l'H\u00e9rault (34)\t\t<\/span>\n\t<\/a>\n<\/div>\n<\/div><\/div><\/div><\/div><div id=\"pgc-217-1-1\"  class=\"panel-grid-cell\" ><div id=\"panel-217-1-1-0\" class=\"so-panel widget widget_sow-button panel-first-child panel-last-child\" data-index=\"2\" ><div class=\"panel-widget-style panel-widget-style-for-217-1-1-0\" ><div class=\"so-widget-sow-button so-widget-sow-button-atom-dfae32272e5b-217\"><div class=\"ow-button-base ow-button-align-center\">\n\t<a href=\"https:\/\/meteobruno.com\/index.php\/previsions-gard\/\" class=\"ow-icon-placement-left ow-button-hover\" \t\t>\n\t\t<span>\n\t\t\t\n\t\t\tPr\u00e9visions pour le Gard (30)\t\t<\/span>\n\t<\/a>\n<\/div>\n<\/div><\/div><\/div><\/div><\/div><\/div><\/div>","protected":false},"excerpt":{"rendered":"<p>Pr\u00e9visions pour les d\u00e9partements du Gard et de l&rsquo;H\u00e9rault<\/p>\n","protected":false},"author":1,"featured_media":0,"parent":0,"menu_order":0,"comment_status":"closed","ping_status":"closed","template":"page-templates\/page_front-page.php","meta":{"_mi_skip_tracking":false},"_links":{"self":[{"href":"https:\/\/meteobruno.com\/index.php\/wp-json\/wp\/v2\/pages\/217"}],"collection":[{"href":"https:\/\/meteobruno.com\/index.php\/wp-json\/wp\/v2\/pages"}],"about":[{"href":"https:\/\/meteobruno.com\/index.php\/wp-json\/wp\/v2\/types\/page"}],"author":[{"embeddable":true,"href":"https:\/\/meteobruno.com\/index.php\/wp-json\/wp\/v2\/users\/1"}],"replies":[{"embeddable":true,"href":"https:\/\/meteobruno.com\/index.php\/wp-json\/wp\/v2\/comments?post=217"}],"version-history":[{"count":5,"href":"https:\/\/meteobruno.com\/index.php\/wp-json\/wp\/v2\/pages\/217\/revisions"}],"predecessor-version":[{"id":512,"href":"https:\/\/meteobruno.com\/index.php\/wp-json\/wp\/v2\/pages\/217\/revisions\/512"}],"wp:attachment":[{"href":"https:\/\/meteobruno.com\/index.php\/wp-json\/wp\/v2\/media?parent=217"}],"curies":[{"name":"wp","href":"https:\/\/api.w.org\/{rel}","templated":true}]}}