{"id":18,"date":"2018-07-22T20:25:17","date_gmt":"2018-07-22T18:25:17","guid":{"rendered":"http:\/\/localhost\/meteobruno\/?page_id=18"},"modified":"2021-10-29T06:24:47","modified_gmt":"2021-10-29T04:24:47","slug":"meteo-en-direct","status":"publish","type":"page","link":"https:\/\/meteobruno.com\/index.php\/meteo-en-direct\/","title":{"rendered":"M\u00e9t\u00e9o en direct"},"content":{"rendered":"<div id=\"pl-18\"  class=\"panel-layout\" ><div id=\"pg-18-0\"  class=\"panel-grid panel-has-style\" ><div class=\"mob-pad-0 panel-row-style panel-row-style-for-18-0\" style=\"padding: 0px 0; \" ><div id=\"pgc-18-0-0\"  class=\"panel-grid-cell\" ><div id=\"panel-18-0-0-0\" class=\"so-panel widget widget_sow-editor panel-first-child\" data-index=\"0\" ><div class=\"panel-widget-style panel-widget-style-for-18-0-0-0\" ><div class=\"so-widget-sow-editor so-widget-sow-editor-base\">\n<div class=\"siteorigin-widget-tinymce textwidget\">\n\t<h1>La m\u00e9t\u00e9o en direct sur Moussac<\/h1>\n<\/div>\n<\/div><\/div><\/div><div id=\"panel-18-0-0-1\" class=\"so-panel widget widget_sow-editor\" data-index=\"1\" ><div class=\"so-widget-sow-editor so-widget-sow-editor-base\">\n<div class=\"siteorigin-widget-tinymce textwidget\">\n\t<p><iframe loading=\"lazy\" src=\"https:\/\/meteobruno.com\/jauges_temps_reel\/date_heure.php\" style=\"border:none;\" scrolling=\"no\" width=\"90%\" height=\"auto\"><\/iframe><\/p>\n<\/div>\n<\/div><\/div><div id=\"panel-18-0-0-2\" class=\"so-panel widget widget_sow-editor panel-last-child\" data-index=\"2\" ><div class=\"panel-widget-style panel-widget-style-for-18-0-0-2\" ><div class=\"so-widget-sow-editor so-widget-sow-editor-base\">\n<div class=\"siteorigin-widget-tinymce textwidget\">\n\t<h6><a href=\"https:\/\/meteobruno.com\/index.php\/graphiques-journaliers\/\">Cliquez ici pour voir les variations de la journ\u00e9e<\/a><\/h6>\n<h6><a href=\"https:\/\/meteobruno.com\/index.php\/graphique-mois\/\">Cliquez ici pour voir les \u00e9volutions sur le mois en cours<\/a><\/h6>\n<\/div>\n<\/div><\/div><\/div><\/div><\/div><\/div><div id=\"pg-18-1\"  class=\"panel-grid panel-has-style\" ><div class=\"mob-pad-0 panel-row-style panel-row-style-for-18-1\" style=\"padding: 5px 0; \" ><div id=\"pgc-18-1-0\"  class=\"panel-grid-cell\" ><div id=\"panel-18-1-0-0\" class=\"so-panel widget widget_sow-editor panel-first-child panel-last-child\" data-index=\"3\" ><div class=\"so-widget-sow-editor so-widget-sow-editor-base\">\n<div class=\"siteorigin-widget-tinymce textwidget\">\n\t<iframe style=\"border: none;\" src=\"https:\/\/meteobruno.com\/jauges_temps_reel\/temp_ext_actu.php\" width=\"100%\" scrolling=\"no\"><\/iframe>\n\n<hr \/>\n\n&nbsp;<\/div>\n<\/div><\/div><\/div><div id=\"pgc-18-1-1\"  class=\"panel-grid-cell\" ><div id=\"panel-18-1-1-0\" class=\"so-panel widget widget_sow-editor panel-first-child panel-last-child\" data-index=\"4\" ><div class=\"so-widget-sow-editor so-widget-sow-editor-base\">\n<div class=\"siteorigin-widget-tinymce textwidget\">\n\t<p><iframe style=\"border: none;\" src=\"https:\/\/meteobruno.com\/jauges_temps_reel\/hum_ext_actu.php\" width=\"100%\" scrolling=\"no\"><\/iframe><\/p>\n<hr \/>\n<p>&nbsp;<\/p>\n<\/div>\n<\/div><\/div><\/div><div id=\"pgc-18-1-2\"  class=\"panel-grid-cell\" ><div id=\"panel-18-1-2-0\" class=\"so-panel widget widget_sow-editor panel-first-child panel-last-child\" data-index=\"5\" ><div class=\"so-widget-sow-editor so-widget-sow-editor-base\">\n<div class=\"siteorigin-widget-tinymce textwidget\">\n\t<p><iframe style=\"border: none;\" src=\"https:\/\/meteobruno.com\/jauges_temps_reel\/temp_ressentie.php\" width=\"100%\" scrolling=\"no\"><\/iframe><\/p>\n<hr \/>\n<p>&nbsp;<\/p>\n<\/div>\n<\/div><\/div><\/div><\/div><\/div><div id=\"pg-18-2\"  class=\"panel-grid panel-has-style\" ><div class=\"mob-pad-0 panel-row-style panel-row-style-for-18-2\" style=\"padding: 5px 0; \" ><div id=\"pgc-18-2-0\"  class=\"panel-grid-cell\" ><div id=\"panel-18-2-0-0\" class=\"so-panel widget widget_sow-editor panel-first-child panel-last-child\" data-index=\"6\" ><div class=\"so-widget-sow-editor so-widget-sow-editor-base\">\n<div class=\"siteorigin-widget-tinymce textwidget\">\n\t<p><iframe style=\"border: none;\" src=\"https:\/\/meteobruno.com\/jauges_temps_reel\/temp_ext_mini.php\" width=\"100%\" scrolling=\"no\"><\/iframe><\/p>\n<hr \/>\n<p>&nbsp;<\/p>\n<\/div>\n<\/div><\/div><\/div><div id=\"pgc-18-2-1\"  class=\"panel-grid-cell\" ><div id=\"panel-18-2-1-0\" class=\"so-panel widget widget_sow-editor panel-first-child panel-last-child\" data-index=\"7\" ><div class=\"so-widget-sow-editor so-widget-sow-editor-base\">\n<div class=\"siteorigin-widget-tinymce textwidget\">\n\t<p><iframe style=\"border: none;\" src=\"https:\/\/meteobruno.com\/jauges_temps_reel\/temp_ext_maxi.php\" width=\"100%\" scrolling=\"no\"><\/iframe><\/p>\n<hr \/>\n<p>&nbsp;<\/p>\n<\/div>\n<\/div><\/div><\/div><div id=\"pgc-18-2-2\"  class=\"panel-grid-cell\" ><div id=\"panel-18-2-2-0\" class=\"so-panel widget widget_sow-editor panel-first-child panel-last-child\" data-index=\"8\" ><div class=\"so-widget-sow-editor so-widget-sow-editor-base\">\n<div class=\"siteorigin-widget-tinymce textwidget\">\n\t<p><iframe style=\"border: none;\" src=\"https:\/\/meteobruno.com\/jauges_temps_reel\/temp_ressentie_mini.php\" width=\"100%\" scrolling=\"no\"><\/iframe><\/p>\n<hr \/>\n<p>&nbsp;<\/p>\n<\/div>\n<\/div><\/div><\/div><\/div><\/div><div id=\"pg-18-3\"  class=\"panel-grid panel-has-style\" ><div class=\"mob-pad-0 panel-row-style panel-row-style-for-18-3\" style=\"padding: 5px 0; \" ><div id=\"pgc-18-3-0\"  class=\"panel-grid-cell\" ><div id=\"panel-18-3-0-0\" class=\"so-panel widget widget_sow-editor panel-first-child panel-last-child\" data-index=\"9\" ><div class=\"so-widget-sow-editor so-widget-sow-editor-base\">\n<div class=\"siteorigin-widget-tinymce textwidget\">\n\t<p><iframe style=\"border: none;\" src=\"https:\/\/meteobruno.com\/jauges_temps_reel\/hum_ext_mini.php\" width=\"100%\" scrolling=\"no\"><\/iframe><\/p>\n<hr \/>\n<p>&nbsp;<\/p>\n<\/div>\n<\/div><\/div><\/div><div id=\"pgc-18-3-1\"  class=\"panel-grid-cell panel-grid-cell-mobile-last\" ><div id=\"panel-18-3-1-0\" class=\"so-panel widget widget_sow-editor panel-first-child panel-last-child\" data-index=\"10\" ><div class=\"so-widget-sow-editor so-widget-sow-editor-base\">\n<div class=\"siteorigin-widget-tinymce textwidget\">\n\t<p><iframe style=\"border: none;\" src=\"https:\/\/meteobruno.com\/jauges_temps_reel\/hum_ext_maxi.php\" width=\"100%\" scrolling=\"no\"><\/iframe><\/p>\n<hr \/>\n<p>&nbsp;<\/p>\n<\/div>\n<\/div><\/div><\/div><div id=\"pgc-18-3-2\"  class=\"panel-grid-cell panel-grid-cell-empty\" ><\/div><\/div><\/div><div id=\"pg-18-4\"  class=\"panel-grid panel-has-style\" ><div class=\"mob-pad-0 panel-row-style panel-row-style-for-18-4\" style=\"padding: 5px 0; \" ><div id=\"pgc-18-4-0\"  class=\"panel-grid-cell\" ><div id=\"panel-18-4-0-0\" class=\"so-panel widget widget_sow-editor panel-first-child panel-last-child\" data-index=\"11\" ><div class=\"so-widget-sow-editor so-widget-sow-editor-base\">\n<div class=\"siteorigin-widget-tinymce textwidget\">\n\t<p style=\"text-align: center;\">Direction du vent<\/p>\n<p style=\"text-align: center;\"><canvas id=\"ssm493464\" style=\"width:200px;height:200px;\"><\/canvas>\n<script language=\"javascript\" type=\"text\/javascript\">if (document.readyState !== \"loading\") {lwsInitDeferedd6c1098eb88deba6d4d84d23c313f2b1();} else {document.addEventListener(\"DOMContentLoaded\", function () {lwsInitDeferedd6c1098eb88deba6d4d84d23c313f2b1();});}function lwsInitDeferedd6c1098eb88deba6d4d84d23c313f2b1() {\n  jQuery(document).ready(function($) {\n    var gssm493464 = new steelseries.WindDirection(ssm493464, {minValue:0,maxValue:360,frameDesign:steelseries.FrameDesign.ANTHRACITE,backgroundColor:steelseries.BackgroundColor.DARK_GRAY,pointerType:steelseries.PointerType.TYPE12,pointerTypeLatest:steelseries.PointerType.TYPE12,pointerColor:steelseries.ColorDef.RED,pointerTypeAverage:steelseries.PointerType.TYPE5,pointerColorAverage:steelseries.ColorDef.RED,knobType:steelseries.KnobType.STANDARD_KNOB,knobStyle:steelseries.KnobStyle.BLACK,lcdVisible:false,foregroundType:steelseries.ForegroundType.TYPE1,size:200,thresholdVisible:false,ledVisible:false,niceScale:false,lcdDecimals:0,digitalFont:true,lcdTitleStrings:[\"Vent\", \"Rafale\"],roseVisible:true,degreeScale:false});\n      gssm493464.setValueAnimatedLatest(5);\n      gssm493464.setValueAnimatedAverage(5);\n        setInterval(function() {\n          var http = new XMLHttpRequest();\n          var params = \"action=lws_query_steelmeter_datas\";\n          params = params+\"&device_id=yx:00:00:00:00:01\";\n          params = params+\"&module_id=m2:c0:00:00:00:01\";\n          params = params+\"&measure_type=windangle\";\n          http.open(\"POST\", \"\/wp-admin\/admin-ajax.php\", true);\n          http.setRequestHeader(\"Content-type\", \"application\/x-www-form-urlencoded\");\n          http.onreadystatechange = function () {\n            if (http.readyState == 4 && http.status == 200) {\n              var odatas = JSON.parse(http.responseText);\n              if ( typeof odatas != \"undefined\") {\n                gssm493464.setValueAnimatedLatest(odatas.value);\n                gssm493464.setValueAnimatedAverage(odatas.value_aux);\n              }\n            }\n          }\n          http.send(params);\n        }, 119000);\n    });\n}<\/script><\/p>\n<hr \/>\n<p>&nbsp;<\/p>\n<\/div>\n<\/div><\/div><\/div><div id=\"pgc-18-4-1\"  class=\"panel-grid-cell\" ><div id=\"panel-18-4-1-0\" class=\"so-panel widget widget_sow-editor panel-first-child panel-last-child\" data-index=\"12\" ><div class=\"so-widget-sow-editor so-widget-sow-editor-base\">\n<div class=\"siteorigin-widget-tinymce textwidget\">\n\t<p><iframe style=\"border: none;\" src=\"https:\/\/meteobruno.com\/jauges_temps_reel\/rafale_actu.php\" width=\"100%\" scrolling=\"no\"><\/iframe><\/p>\n<hr \/>\n<p>&nbsp;<\/p>\n<\/div>\n<\/div><\/div><\/div><div id=\"pgc-18-4-2\"  class=\"panel-grid-cell\" ><div id=\"panel-18-4-2-0\" class=\"so-panel widget widget_sow-editor panel-first-child panel-last-child\" data-index=\"13\" ><div class=\"so-widget-sow-editor so-widget-sow-editor-base\">\n<div class=\"siteorigin-widget-tinymce textwidget\">\n\t<p><iframe style=\"border: none;\" src=\"https:\/\/meteobruno.com\/jauges_temps_reel\/vent_moyen_actu.php\" width=\"100%\" scrolling=\"no\"><\/iframe><\/p>\n<hr \/>\n<p>&nbsp;<\/p>\n<\/div>\n<\/div><\/div><\/div><\/div><\/div><div id=\"pg-18-5\"  class=\"panel-grid panel-has-style\" ><div class=\"mob-pad-0 panel-row-style panel-row-style-for-18-5\" style=\"padding: 5px 0; \" ><div id=\"pgc-18-5-0\"  class=\"panel-grid-cell\" ><div id=\"panel-18-5-0-0\" class=\"so-panel widget widget_sow-editor panel-first-child panel-last-child\" data-index=\"14\" ><div class=\"so-widget-sow-editor so-widget-sow-editor-base\">\n<div class=\"siteorigin-widget-tinymce textwidget\">\n\t<hr \/>\n<p>&nbsp;<\/p>\n<\/div>\n<\/div><\/div><\/div><div id=\"pgc-18-5-1\"  class=\"panel-grid-cell panel-grid-cell-mobile-last\" ><div id=\"panel-18-5-1-0\" class=\"so-panel widget widget_sow-editor panel-first-child panel-last-child\" data-index=\"15\" ><div class=\"so-widget-sow-editor so-widget-sow-editor-base\">\n<div class=\"siteorigin-widget-tinymce textwidget\">\n\t<p><iframe style=\"border: none;\" src=\"https:\/\/meteobruno.com\/jauges_temps_reel\/rafale_maxi_jour.php\" width=\"100%\" scrolling=\"no\"><\/iframe><\/p>\n<hr \/>\n<p>&nbsp;<\/p>\n<\/div>\n<\/div><\/div><\/div><div id=\"pgc-18-5-2\"  class=\"panel-grid-cell panel-grid-cell-empty\" ><\/div><\/div><\/div><div id=\"pg-18-6\"  class=\"panel-grid panel-has-style\" ><div class=\"mob-pad-0 panel-row-style panel-row-style-for-18-6\" style=\"padding: 5px 0; \" ><div id=\"pgc-18-6-0\"  class=\"panel-grid-cell\" ><div id=\"panel-18-6-0-0\" class=\"so-panel widget widget_sow-editor panel-first-child panel-last-child\" data-index=\"16\" ><div class=\"so-widget-sow-editor so-widget-sow-editor-base\">\n<div class=\"siteorigin-widget-tinymce textwidget\">\n\t<p><iframe style=\"border: none;\" src=\"https:\/\/meteobruno.com\/jauges_temps_reel\/pluvio_jour.php\" width=\"100%\" scrolling=\"no\"><\/iframe><\/p>\n<hr \/>\n<p>&nbsp;<\/p>\n<\/div>\n<\/div><\/div><\/div><div id=\"pgc-18-6-1\"  class=\"panel-grid-cell\" ><div id=\"panel-18-6-1-0\" class=\"so-panel widget widget_sow-editor panel-first-child panel-last-child\" data-index=\"17\" ><div class=\"so-widget-sow-editor so-widget-sow-editor-base\">\n<div class=\"siteorigin-widget-tinymce textwidget\">\n\t<p><iframe style=\"border: none;\" src=\"https:\/\/meteobruno.com\/jauges_temps_reel\/intensite_pluvio.php\" width=\"100%\" scrolling=\"no\"><\/iframe><\/p>\n<hr \/>\n<p>&nbsp;<\/p>\n<\/div>\n<\/div><\/div><\/div><div id=\"pgc-18-6-2\"  class=\"panel-grid-cell\" ><div id=\"panel-18-6-2-0\" class=\"so-panel widget widget_sow-editor panel-first-child panel-last-child\" data-index=\"18\" ><div class=\"so-widget-sow-editor so-widget-sow-editor-base\">\n<div class=\"siteorigin-widget-tinymce textwidget\">\n\t<p><iframe style=\"border: none;\" src=\"https:\/\/meteobruno.com\/jauges_temps_reel\/intensite_pluvio_maxi.php\" width=\"100%\" scrolling=\"no\"><\/iframe><\/p>\n<hr \/>\n<p>&nbsp;<\/p>\n<\/div>\n<\/div><\/div><\/div><\/div><\/div><div id=\"pg-18-7\"  class=\"panel-grid panel-has-style\" ><div class=\"mob-pad-0 panel-row-style panel-row-style-for-18-7\" style=\"padding: 5px 0; \" ><div id=\"pgc-18-7-0\"  class=\"panel-grid-cell\" ><div id=\"panel-18-7-0-0\" class=\"so-panel widget widget_sow-editor panel-first-child panel-last-child\" data-index=\"19\" ><div class=\"so-widget-sow-editor so-widget-sow-editor-base\">\n<div class=\"siteorigin-widget-tinymce textwidget\">\n\t<p><iframe style=\"border: none;\" src=\"https:\/\/meteobruno.com\/jauges_temps_reel\/pluvio_mois.php\" width=\"100%\" scrolling=\"no\"><\/iframe><\/p>\n<hr \/>\n<p>&nbsp;<\/p>\n<\/div>\n<\/div><\/div><\/div><div id=\"pgc-18-7-1\"  class=\"panel-grid-cell panel-grid-cell-mobile-last\" ><div id=\"panel-18-7-1-0\" class=\"so-panel widget widget_sow-editor panel-first-child panel-last-child\" data-index=\"20\" ><div class=\"so-widget-sow-editor so-widget-sow-editor-base\">\n<div class=\"siteorigin-widget-tinymce textwidget\">\n\t<p><iframe style=\"border: none;\" src=\"https:\/\/meteobruno.com\/jauges_temps_reel\/pluvio_annee.php\" width=\"100%\" scrolling=\"no\"><\/iframe><\/p>\n<hr \/>\n<p>&nbsp;<\/p>\n<\/div>\n<\/div><\/div><\/div><div id=\"pgc-18-7-2\"  class=\"panel-grid-cell panel-grid-cell-empty\" ><\/div><\/div><\/div><div id=\"pg-18-8\"  class=\"panel-grid panel-has-style\" ><div class=\"mob-pad-0 panel-row-style panel-row-style-for-18-8\" style=\"padding: 5px 0; \" ><div id=\"pgc-18-8-0\"  class=\"panel-grid-cell\" ><div id=\"panel-18-8-0-0\" class=\"so-panel widget widget_sow-editor panel-first-child panel-last-child\" data-index=\"21\" ><div class=\"so-widget-sow-editor so-widget-sow-editor-base\">\n<div class=\"siteorigin-widget-tinymce textwidget\">\n\t<p style=\"text-align: center;\"><canvas id=\"ssm022183\" style=\"width:250px;height:250px;\"><\/canvas>\n<script language=\"javascript\" type=\"text\/javascript\">if (document.readyState !== \"loading\") {lwsInitDefered2dbc9d95856b25a9c69b8a12542aae1b();} else {document.addEventListener(\"DOMContentLoaded\", function () {lwsInitDefered2dbc9d95856b25a9c69b8a12542aae1b();});}function lwsInitDefered2dbc9d95856b25a9c69b8a12542aae1b() {\n  jQuery(document).ready(function($) {\n    var gssm022183 = new steelseries.Radial(ssm022183, {minValue:900,maxValue:1080,gaugeType:steelseries.GaugeType.TYPE4,frameDesign:steelseries.FrameDesign.BLACK_METAL,backgroundColor:steelseries.BackgroundColor.DARK_GRAY,pointerType:steelseries.PointerType.TYPE12,pointerTypeLatest:steelseries.PointerType.TYPE12,pointerColor:steelseries.ColorDef.RED,pointerTypeAverage:steelseries.PointerType.TYPE12,pointerColorAverage:steelseries.ColorDef.RED,knobType:steelseries.KnobType.STANDARD_KNOB,knobStyle:steelseries.KnobStyle.BLACK,lcdColor:steelseries.LcdColor.SECTIONS,foregroundType:steelseries.ForegroundType.TYPE1,size:250,thresholdVisible:false,ledVisible:false,niceScale:false,lcdDecimals:1,titleString:\"Pression\",unitString:\"\\u2022 hPa \\u2022\",digitalFont:true});\n      gssm022183.setValueAnimated(1017.1, function() {\n        gssm022183.blinkUserLed();\n        gssm022183.resetMinMeasuredValue();\n        gssm022183.resetMaxMeasuredValue();\n        gssm022183.setMinMeasuredValue(1016.9);\n        gssm022183.setMaxMeasuredValue(1017.3);\n        gssm022183.setTrend(steelseries.TrendState.STEADY);\n        setInterval(function() {\n          var http = new XMLHttpRequest();\n          var params = \"action=lws_query_steelmeter_datas\";\n          params = params+\"&device_id=yx:00:00:00:00:01\";\n          params = params+\"&module_id=yx:00:00:00:00:01\";\n          params = params+\"&measure_type=pressure_sl\";\n          http.open(\"POST\", \"\/wp-admin\/admin-ajax.php\", true);\n          http.setRequestHeader(\"Content-type\", \"application\/x-www-form-urlencoded\");\n          http.onreadystatechange = function () {\n            if (http.readyState == 4 && http.status == 200) {\n              var odatas = JSON.parse(http.responseText);\n              if ( typeof odatas != \"undefined\") {\n                gssm022183.setValueAnimated(odatas.value);\n                gssm022183.blinkUserLed(odatas.alarm);\n                if (odatas.value_trend == \"up\") {gssm022183.setTrend(steelseries.TrendState.UP);}\n                if (odatas.value_trend == \"down\") {gssm022183.setTrend(steelseries.TrendState.DOWN);}\n                if (odatas.value_trend == \"steady\") {gssm022183.setTrend(steelseries.TrendState.STEADY);}\n              }\n            }\n          }\n          http.send(params);\n        }, 108000);\n      });\n    });\n}<\/script><\/p>\n<hr \/>\n<p>&nbsp;<\/p>\n<\/div>\n<\/div><\/div><\/div><div id=\"pgc-18-8-1\"  class=\"panel-grid-cell\" ><div id=\"panel-18-8-1-0\" class=\"so-panel widget widget_sow-editor panel-first-child panel-last-child\" data-index=\"22\" ><div class=\"so-widget-sow-editor so-widget-sow-editor-base\">\n<div class=\"siteorigin-widget-tinymce textwidget\">\n\t<p><iframe style=\"border: none;\" src=\"https:\/\/meteobruno.com\/jauges_temps_reel\/point_rosee_actu.php\" width=\"100%\" scrolling=\"no\"><\/iframe><\/p>\n<hr \/>\n<p>&nbsp;<\/p>\n<\/div>\n<\/div><\/div><\/div><div id=\"pgc-18-8-2\"  class=\"panel-grid-cell\" ><div id=\"panel-18-8-2-0\" class=\"so-panel widget widget_sow-editor panel-first-child panel-last-child\" data-index=\"23\" ><div class=\"so-widget-sow-editor so-widget-sow-editor-base\">\n<div class=\"siteorigin-widget-tinymce textwidget\">\n\t<p><iframe style=\"border: none;\" src=\"https:\/\/meteobruno.com\/jauges_temps_reel\/humidex_actu.php\" width=\"100%\" scrolling=\"no\"><\/iframe><\/p>\n<hr \/>\n<p>&nbsp;<\/p>\n<\/div>\n<\/div><\/div><\/div><\/div><\/div><div id=\"pg-18-9\"  class=\"panel-grid panel-has-style\" ><div class=\"mob-pad-30 panel-row-style panel-row-style-for-18-9\" style=\"padding: 50px 0; \" ><div id=\"pgc-18-9-0\"  class=\"panel-grid-cell\" ><div id=\"panel-18-9-0-0\" class=\"so-panel widget widget_sow-editor panel-first-child panel-last-child\" data-index=\"24\" ><div class=\"so-widget-sow-editor so-widget-sow-editor-base\">\n<div class=\"siteorigin-widget-tinymce textwidget\">\n\t<h1>La m\u00e9t\u00e9o en direct sur Al\u00e8s<\/h1>\n<h5>Station <a href=\"http:\/\/meteoales.fr\">M\u00e9t\u00e9oal\u00e8s.fr<\/a><\/h5>\n<p><iframe loading=\"lazy\" src=\"https:\/\/www.meteoales.fr\/plugins\/stickers\/sticker800_170.php?text=Meteotemplate&amp;color1=grey&amp;color2=blue\" frameborder=0 marginwidth=0 marginheight=0 border=0 width=\"800px\" height=\"170px\" scrolling=\"no\"><\/iframe><\/p>\n<\/div>\n<\/div><\/div><\/div><\/div><\/div><\/div>","protected":false},"excerpt":{"rendered":"<p>La m\u00e9t\u00e9o en direct sur Moussac Cliquez ici pour voir les variations de la journ\u00e9e Cliquez ici pour voir les \u00e9volutions sur le mois en cours &nbsp; &nbsp; &nbsp;<\/p>\n","protected":false},"author":1,"featured_media":0,"parent":0,"menu_order":0,"comment_status":"closed","ping_status":"closed","template":"page-templates\/page_front-page.php","meta":{"_mi_skip_tracking":false},"_links":{"self":[{"href":"https:\/\/meteobruno.com\/index.php\/wp-json\/wp\/v2\/pages\/18"}],"collection":[{"href":"https:\/\/meteobruno.com\/index.php\/wp-json\/wp\/v2\/pages"}],"about":[{"href":"https:\/\/meteobruno.com\/index.php\/wp-json\/wp\/v2\/types\/page"}],"author":[{"embeddable":true,"href":"https:\/\/meteobruno.com\/index.php\/wp-json\/wp\/v2\/users\/1"}],"replies":[{"embeddable":true,"href":"https:\/\/meteobruno.com\/index.php\/wp-json\/wp\/v2\/comments?post=18"}],"version-history":[{"count":89,"href":"https:\/\/meteobruno.com\/index.php\/wp-json\/wp\/v2\/pages\/18\/revisions"}],"predecessor-version":[{"id":967,"href":"https:\/\/meteobruno.com\/index.php\/wp-json\/wp\/v2\/pages\/18\/revisions\/967"}],"wp:attachment":[{"href":"https:\/\/meteobruno.com\/index.php\/wp-json\/wp\/v2\/media?parent=18"}],"curies":[{"name":"wp","href":"https:\/\/api.w.org\/{rel}","templated":true}]}}